{"id":28139,"date":"2024-10-24T09:00:36","date_gmt":"2024-10-24T09:00:36","guid":{"rendered":"https:\/\/erboristeriafloralba.com\/torino\/?post_type=product&#038;p=28139"},"modified":"2025-03-19T16:38:47","modified_gmt":"2025-03-19T16:38:47","slug":"cod-62-f","status":"publish","type":"product","link":"https:\/\/erboristeriafloralba.com\/torino\/prodotto\/cod-62-f\/","title":{"rendered":"Cod. 62 F"},"content":{"rendered":"<p class=\"p1\"><b>Indicazioni fisiologiche (claims):<\/b><\/p>\n<p class=\"p1\"><b>Amamelide:<\/b> Funzionalit\u00e0 della circolazione venosa, antiossidante.<\/p>\n<p class=\"p1\"><b>Rusco:<\/b> Funzionalit\u00e0 del microcircolo (pesantezza delle gambe), funzionalit\u00e0 della circolazione venosa.<\/p>\n<p class=\"p1\"><b>Vite: <\/b>Funzionalit\u00e0 del microcircolo (pesantezza delle gambe), antiossidante, regolare funzionalit\u00e0 dell\u2019apparto cardiovascolare.<\/p>\n<p class=\"p1\"><b>Mirtillo: <\/b>Funzionalit\u00e0 del microcircolo (pesantezza delle gambe). Antiossidante. Benessere della vista.<\/p>\n<p class=\"p1\"><b>Meliloto: <\/b>Funzionalit\u00e0 della circolazione venosa (funzionalit\u00e0 plesso emorroidario), funzionalit\u00e0 del microcircolo, drenaggio dei liquidi corporei.<\/p>\n<p class=\"p1\"><b>Modo d&#8217;uso:<\/b><\/p>\n<p class=\"p1\">Per un corretto consumo alimentare<span class=\"Apple-converted-space\">\u00a0 <\/span>\u00e8 preferibile assumere 3-4 tavolette al giorno ( prima dei pasti)<\/p>\n<p class=\"p1\"><b>Ingredienti e (tra parentesi) loro dose giornaliera:<\/b><\/p>\n<p class=\"p1\">Hamamelis virginiana L.-Amamelide foglie polvere (400mg), Melilotus officinalis PALLAS-Meliloto parte aerea polvere(400mg), Ruscus aculeatus L.-Rusco rizoma estratto secco titolato al 5% in saponine espresse come ruscogenina (320 mg di cui 16mg di ruscogenina), Vaccinium myrtillus L.-Mirtillo bacche polvere(320mg), Glycyrchiza glabra L.-Liquirizia trizoma polvere(320mg), Vitis vinifera L.-Vite rossa foglie estratto secco titolato al 5% in polifenoli (320mg di cui 16 mg di polifenoli), amido di mais, magnesio stearato.<\/p>\n","protected":false},"excerpt":{"rendered":"<p class=\"p1\"><strong>80 compresse<\/strong><\/p>\n<p class=\"p1\"><strong>Circolazione &amp; vista<span class=\"Apple-converted-space\">\u00a0<\/span><\/strong><\/p>\n<p class=\"p1\">Amamelide, Meliloto, Rusco, Mirtillo nero, Vite rossa, Liquirizia<\/p>\n","protected":false},"featured_media":28885,"comment_status":"open","ping_status":"closed","template":"","meta":{"om_disable_all_campaigns":false,"_monsterinsights_skip_tracking":false,"_monsterinsights_sitenote_active":false,"_monsterinsights_sitenote_note":"","_monsterinsights_sitenote_category":0},"product_brand":[],"product_cat":[126,20],"product_tag":[175,102,76,90,91,173,103,144],"class_list":{"0":"post-28139","1":"product","2":"type-product","3":"status-publish","4":"has-post-thumbnail","6":"product_cat-circolazione-e-vista","7":"product_cat-tutti-i-prodotti","8":"product_tag-amamelide","9":"product_tag-circolazione","10":"product_tag-erboristeria","11":"product_tag-mirtillo-nero","12":"product_tag-omeopatia","13":"product_tag-rusco","14":"product_tag-vista","15":"product_tag-vite-rossa","17":"first","18":"instock","19":"shipping-taxable","20":"purchasable","21":"product-type-simple"},"aioseo_notices":[],"_links":{"self":[{"href":"https:\/\/erboristeriafloralba.com\/torino\/wp-json\/wp\/v2\/product\/28139","targetHints":{"allow":["GET"]}}],"collection":[{"href":"https:\/\/erboristeriafloralba.com\/torino\/wp-json\/wp\/v2\/product"}],"about":[{"href":"https:\/\/erboristeriafloralba.com\/torino\/wp-json\/wp\/v2\/types\/product"}],"replies":[{"embeddable":true,"href":"https:\/\/erboristeriafloralba.com\/torino\/wp-json\/wp\/v2\/comments?post=28139"}],"version-history":[{"count":3,"href":"https:\/\/erboristeriafloralba.com\/torino\/wp-json\/wp\/v2\/product\/28139\/revisions"}],"predecessor-version":[{"id":28749,"href":"https:\/\/erboristeriafloralba.com\/torino\/wp-json\/wp\/v2\/product\/28139\/revisions\/28749"}],"wp:featuredmedia":[{"embeddable":true,"href":"https:\/\/erboristeriafloralba.com\/torino\/wp-json\/wp\/v2\/media\/28885"}],"wp:attachment":[{"href":"https:\/\/erboristeriafloralba.com\/torino\/wp-json\/wp\/v2\/media?parent=28139"}],"wp:term":[{"taxonomy":"product_brand","embeddable":true,"href":"https:\/\/erboristeriafloralba.com\/torino\/wp-json\/wp\/v2\/product_brand?post=28139"},{"taxonomy":"product_cat","embeddable":true,"href":"https:\/\/erboristeriafloralba.com\/torino\/wp-json\/wp\/v2\/product_cat?post=28139"},{"taxonomy":"product_tag","embeddable":true,"href":"https:\/\/erboristeriafloralba.com\/torino\/wp-json\/wp\/v2\/product_tag?post=28139"}],"curies":[{"name":"wp","href":"https:\/\/api.w.org\/{rel}","templated":true}]}}