{"id":28130,"date":"2024-10-24T08:37:32","date_gmt":"2024-10-24T08:37:32","guid":{"rendered":"https:\/\/erboristeriafloralba.com\/torino\/?post_type=product&#038;p=28130"},"modified":"2025-03-19T16:35:43","modified_gmt":"2025-03-19T16:35:43","slug":"cod-48-a","status":"publish","type":"product","link":"https:\/\/erboristeriafloralba.com\/torino\/prodotto\/cod-48-a\/","title":{"rendered":"Cod. 48 A"},"content":{"rendered":"<p class=\"p1\"><b>Indicazioni fisiologiche (claims):<\/b><\/p>\n<p class=\"p1\">Rusco: funzionalit\u00e0 della circolazione venosa (funzionalit\u00e0 del plesso emorroidario)<\/p>\n<p class=\"p1\">Vite: funzionalit\u00e0 del microcircolo (pesantezza alle gambe) <span class=\"Apple-converted-space\">\u00a0 \u00a0 \u00a0 \u00a0 \u00a0 \u00a0 \u00a0 \u00a0 \u00a0 \u00a0 \u00a0 \u00a0 \u00a0 \u00a0 \u00a0 \u00a0 \u00a0 \u00a0 \u00a0 \u00a0 \u00a0 \u00a0 \u00a0 \u00a0 \u00a0 \u00a0 \u00a0 \u00a0 <\/span><\/p>\n<p class=\"p1\">Ippocastano:Regolarit\u00e0 del transito intestinale. Funzionalit\u00e0 del sistema digerente. Funzionalit\u00e0 del microcircolo.<\/p>\n<p class=\"p1\"><b>Modo d&#8217;uso:<\/b><\/p>\n<p class=\"p1\">Per un corretto consumo alimentare<span class=\"Apple-converted-space\">\u00a0 <\/span>\u00e8 preferibile assumere diluire 30-50 gocce di prodotto in acqua 2 volte al giorno<\/p>\n<p class=\"p1\"><b>Ingredienti e (tra parentesi) loro dose giornaliera:<\/b><\/p>\n<p class=\"p1\">Soluzione idroalcolica di: Ippocastano &#8211; Aesculus hippocastanum L semi (666mg), Rusco-Ruscus aculeatus rizoma (666mg), Vite rossa &#8211; Vitis vinifera L.foglie(666mg)<\/p>\n","protected":false},"excerpt":{"rendered":"<p class=\"p1\"><strong>50 ml<\/strong><\/p>\n<p class=\"p1\"><strong>Circolazione &amp; vista<\/strong><\/p>\n<p class=\"p1\">Rusco, ippocastano, vite rossa<\/p>\n","protected":false},"featured_media":28882,"comment_status":"open","ping_status":"closed","template":"","meta":{"om_disable_all_campaigns":false,"_monsterinsights_skip_tracking":false,"_monsterinsights_sitenote_active":false,"_monsterinsights_sitenote_note":"","_monsterinsights_sitenote_category":0},"product_brand":[],"product_cat":[126,20],"product_tag":[102,76,96,79,91,173,78,103,144],"class_list":{"0":"post-28130","1":"product","2":"type-product","3":"status-publish","4":"has-post-thumbnail","6":"product_cat-circolazione-e-vista","7":"product_cat-tutti-i-prodotti","8":"product_tag-circolazione","9":"product_tag-erboristeria","10":"product_tag-fegato","11":"product_tag-intestino","12":"product_tag-omeopatia","13":"product_tag-rusco","14":"product_tag-stomaco","15":"product_tag-vista","16":"product_tag-vite-rossa","18":"first","19":"instock","20":"shipping-taxable","21":"purchasable","22":"product-type-simple"},"aioseo_notices":[],"_links":{"self":[{"href":"https:\/\/erboristeriafloralba.com\/torino\/wp-json\/wp\/v2\/product\/28130","targetHints":{"allow":["GET"]}}],"collection":[{"href":"https:\/\/erboristeriafloralba.com\/torino\/wp-json\/wp\/v2\/product"}],"about":[{"href":"https:\/\/erboristeriafloralba.com\/torino\/wp-json\/wp\/v2\/types\/product"}],"replies":[{"embeddable":true,"href":"https:\/\/erboristeriafloralba.com\/torino\/wp-json\/wp\/v2\/comments?post=28130"}],"version-history":[{"count":3,"href":"https:\/\/erboristeriafloralba.com\/torino\/wp-json\/wp\/v2\/product\/28130\/revisions"}],"predecessor-version":[{"id":28746,"href":"https:\/\/erboristeriafloralba.com\/torino\/wp-json\/wp\/v2\/product\/28130\/revisions\/28746"}],"wp:featuredmedia":[{"embeddable":true,"href":"https:\/\/erboristeriafloralba.com\/torino\/wp-json\/wp\/v2\/media\/28882"}],"wp:attachment":[{"href":"https:\/\/erboristeriafloralba.com\/torino\/wp-json\/wp\/v2\/media?parent=28130"}],"wp:term":[{"taxonomy":"product_brand","embeddable":true,"href":"https:\/\/erboristeriafloralba.com\/torino\/wp-json\/wp\/v2\/product_brand?post=28130"},{"taxonomy":"product_cat","embeddable":true,"href":"https:\/\/erboristeriafloralba.com\/torino\/wp-json\/wp\/v2\/product_cat?post=28130"},{"taxonomy":"product_tag","embeddable":true,"href":"https:\/\/erboristeriafloralba.com\/torino\/wp-json\/wp\/v2\/product_tag?post=28130"}],"curies":[{"name":"wp","href":"https:\/\/api.w.org\/{rel}","templated":true}]}}