{"id":28133,"date":"2024-10-24T08:43:50","date_gmt":"2024-10-24T08:43:50","guid":{"rendered":"https:\/\/erboristeriafloralba.com\/sanremo\/?post_type=product&#038;p=28133"},"modified":"2025-03-19T16:36:34","modified_gmt":"2025-03-19T16:36:34","slug":"cod-48-b","status":"publish","type":"product","link":"https:\/\/erboristeriafloralba.com\/sanremo\/prodotto\/cod-48-b\/","title":{"rendered":"Cod. 48 B"},"content":{"rendered":"<p class=\"p1\"><b>Indicazioni fisiologiche (claims):<\/b><\/p>\n<p class=\"p1\">Alchemilla: regolarit\u00e0 transito intestinale, Biancospino: Regolarit\u00e0 apparato cardiovascolare, Psillio: normale volume e consistenza feci e effetto prebiotico, Amamelide:funzionalit\u00e0 circolazione venosa, funzionalit\u00e0 del plesso emorroidario, Malva:normale volume e consistenza feci, azione emolliente e lenitiva sistema digerente, regolarit\u00e0 del transito intestinale,Liquirizia:funzionalit\u00e0 sistema digerente, Fieno greco: azione emolliente e lenitiva ( sistema digerente) funzione digestiva.<\/p>\n<p class=\"p1\"><b>Modo d&#8217;uso:<\/b><\/p>\n<p class=\"p1\">Per un corretto consumo alimentare<span class=\"Apple-converted-space\">\u00a0 <\/span>\u00e8 preferibile assumere 3-4 tavolette al giorno ( prima dei pasti)<\/p>\n<p class=\"p1\"><b>Ingredienti e (tra parentesi) loro dose giornaliera:<\/b><\/p>\n<p class=\"p1\">Alchemilla vulgaris L.-erba polvere(340mg), Crateagus oxyacantha Medicus-Biancospino fiori polvere(340mg), Plantago psyllium L-Psillio semi polvere(340mg),Hamamelis Virginiana L.-Amamelide foglie polvere(220mg), Malva sylvestris L.-fiori polvere(198mg),Glycyrrhiza glabra L.-Liquirizia rizoma polvere(220mg), Trigonella foenum graecum L.-Fieno greco semi polvere(220mg),Addensanti: maltodestrine, amido di mais, Antiagglomeranti: magnesio stearato, biossido di silicio<\/p>\n","protected":false},"excerpt":{"rendered":"<p class=\"p1\"><strong>80 compresse<\/strong><\/p>\n<p class=\"p1\"><strong>Circolazione e vista<\/strong><\/p>\n<p class=\"p1\">Alchemilla, Amamelide, Biancospino, Psillio, Malva, Fieno greco, Liquirizia<\/p>\n<p>&nbsp;<\/p>\n","protected":false},"featured_media":28883,"comment_status":"open","ping_status":"closed","template":"","meta":{"om_disable_all_campaigns":false,"_monsterinsights_skip_tracking":false,"_monsterinsights_sitenote_active":false,"_monsterinsights_sitenote_note":"","_monsterinsights_sitenote_category":0},"product_brand":[],"product_cat":[126,20],"product_tag":[174,105,102,76,96,117,79,91,78,103],"class_list":{"0":"post-28133","1":"product","2":"type-product","3":"status-publish","4":"has-post-thumbnail","6":"product_cat-circolazione-e-vista","7":"product_cat-tutti-i-prodotti","8":"product_tag-alchemilla","9":"product_tag-biancospino","10":"product_tag-circolazione","11":"product_tag-erboristeria","12":"product_tag-fegato","13":"product_tag-fieno-greco","14":"product_tag-intestino","15":"product_tag-omeopatia","16":"product_tag-stomaco","17":"product_tag-vista","19":"first","20":"instock","21":"shipping-taxable","22":"purchasable","23":"product-type-simple"},"aioseo_notices":[],"_links":{"self":[{"href":"https:\/\/erboristeriafloralba.com\/sanremo\/wp-json\/wp\/v2\/product\/28133","targetHints":{"allow":["GET"]}}],"collection":[{"href":"https:\/\/erboristeriafloralba.com\/sanremo\/wp-json\/wp\/v2\/product"}],"about":[{"href":"https:\/\/erboristeriafloralba.com\/sanremo\/wp-json\/wp\/v2\/types\/product"}],"replies":[{"embeddable":true,"href":"https:\/\/erboristeriafloralba.com\/sanremo\/wp-json\/wp\/v2\/comments?post=28133"}],"version-history":[{"count":5,"href":"https:\/\/erboristeriafloralba.com\/sanremo\/wp-json\/wp\/v2\/product\/28133\/revisions"}],"predecessor-version":[{"id":28747,"href":"https:\/\/erboristeriafloralba.com\/sanremo\/wp-json\/wp\/v2\/product\/28133\/revisions\/28747"}],"wp:featuredmedia":[{"embeddable":true,"href":"https:\/\/erboristeriafloralba.com\/sanremo\/wp-json\/wp\/v2\/media\/28883"}],"wp:attachment":[{"href":"https:\/\/erboristeriafloralba.com\/sanremo\/wp-json\/wp\/v2\/media?parent=28133"}],"wp:term":[{"taxonomy":"product_brand","embeddable":true,"href":"https:\/\/erboristeriafloralba.com\/sanremo\/wp-json\/wp\/v2\/product_brand?post=28133"},{"taxonomy":"product_cat","embeddable":true,"href":"https:\/\/erboristeriafloralba.com\/sanremo\/wp-json\/wp\/v2\/product_cat?post=28133"},{"taxonomy":"product_tag","embeddable":true,"href":"https:\/\/erboristeriafloralba.com\/sanremo\/wp-json\/wp\/v2\/product_tag?post=28133"}],"curies":[{"name":"wp","href":"https:\/\/api.w.org\/{rel}","templated":true}]}}