{"id":28103,"date":"2024-10-23T11:11:04","date_gmt":"2024-10-23T11:11:04","guid":{"rendered":"https:\/\/erboristeriafloralba.com\/sanremo\/?post_type=product&#038;p=28103"},"modified":"2025-03-19T16:26:41","modified_gmt":"2025-03-19T16:26:41","slug":"cod-3-c","status":"publish","type":"product","link":"https:\/\/erboristeriafloralba.com\/sanremo\/prodotto\/cod-3-c\/","title":{"rendered":"Cod. 3 C"},"content":{"rendered":"<p class=\"p1\"><b>Indicazioni fisiologiche (claims):<\/b><\/p>\n<p class=\"p1\">Salcerella: Funzionalit\u00e0 del sistema digerente, regolarit\u00e0 del tratto intestinale, Romice: funzionalit\u00e0 depurative dell\u2019organismo, regolarit\u00e0 del transito intestinale, Tarassaco: funzionalit\u00e0 depurative dell\u2019organismo, funzione epatica, drenaggio dei liquidi corporei, Salvia: funzione digestiva, antiossidante, regolarit\u00e0 del processo di sudorazione. Ortica: Fisiologiche funzionalit\u00e0 depurative dell\u2019organismo.<\/p>\n<p class=\"p1\"><b>Modo d&#8217;uso:<\/b><\/p>\n<p class=\"p1\">Per un corretto consumo alimentare<span class=\"Apple-converted-space\">\u00a0 <\/span>\u00e8 preferibile assumere 3-4 tavolette al giorno ( prima dei pasti)<\/p>\n<p class=\"p1\"><b>Ingredienti e (tra parentesi) loro dose giornaliera:<\/b><\/p>\n<p class=\"p1\">Maltodestrine, Lythrum salicaria L.-Salcerella sommit\u00e0 CHAIX (Var) polvere (308mg), Rumex crispus L-Romice radice polvere (308mg), Taraxacum Officinalis Weber-Tarassaco radice polvere(308mg), Salvia officnalis L-foglie Polvere(220mg), Urtica dioica L.-Ortica foglie polvere (220mg), antiagglomerante: magnesio stearato, addensante: amido di mais<\/p>\n","protected":false},"excerpt":{"rendered":"<p class=\"p1\"><strong>80 compresse<\/strong><\/p>\n<p class=\"p1\"><strong>pelle + stomaco-intestino-fegato<\/strong><\/p>\n<p class=\"p1\">Salcerella, Romice, Tarassaco, Salvia, Ortica<\/p>\n","protected":false},"featured_media":28874,"comment_status":"open","ping_status":"closed","template":"","meta":{"om_disable_all_campaigns":false,"_monsterinsights_skip_tracking":false,"_monsterinsights_sitenote_active":false,"_monsterinsights_sitenote_note":"","_monsterinsights_sitenote_category":0},"product_brand":[],"product_cat":[146,92,20],"product_tag":[76,96,79,91,148,150,149,151,78],"class_list":{"0":"post-28103","1":"product","2":"type-product","3":"status-publish","4":"has-post-thumbnail","6":"product_cat-problematiche-della-pelle","7":"product_cat-stomaco-intestino-fegato","8":"product_cat-tutti-i-prodotti","9":"product_tag-erboristeria","10":"product_tag-fegato","11":"product_tag-intestino","12":"product_tag-omeopatia","13":"product_tag-pelle","14":"product_tag-romice","15":"product_tag-salcerella","16":"product_tag-salvia","17":"product_tag-stomaco","19":"first","20":"instock","21":"shipping-taxable","22":"purchasable","23":"product-type-simple"},"aioseo_notices":[],"_links":{"self":[{"href":"https:\/\/erboristeriafloralba.com\/sanremo\/wp-json\/wp\/v2\/product\/28103","targetHints":{"allow":["GET"]}}],"collection":[{"href":"https:\/\/erboristeriafloralba.com\/sanremo\/wp-json\/wp\/v2\/product"}],"about":[{"href":"https:\/\/erboristeriafloralba.com\/sanremo\/wp-json\/wp\/v2\/types\/product"}],"replies":[{"embeddable":true,"href":"https:\/\/erboristeriafloralba.com\/sanremo\/wp-json\/wp\/v2\/comments?post=28103"}],"version-history":[{"count":2,"href":"https:\/\/erboristeriafloralba.com\/sanremo\/wp-json\/wp\/v2\/product\/28103\/revisions"}],"predecessor-version":[{"id":28737,"href":"https:\/\/erboristeriafloralba.com\/sanremo\/wp-json\/wp\/v2\/product\/28103\/revisions\/28737"}],"wp:featuredmedia":[{"embeddable":true,"href":"https:\/\/erboristeriafloralba.com\/sanremo\/wp-json\/wp\/v2\/media\/28874"}],"wp:attachment":[{"href":"https:\/\/erboristeriafloralba.com\/sanremo\/wp-json\/wp\/v2\/media?parent=28103"}],"wp:term":[{"taxonomy":"product_brand","embeddable":true,"href":"https:\/\/erboristeriafloralba.com\/sanremo\/wp-json\/wp\/v2\/product_brand?post=28103"},{"taxonomy":"product_cat","embeddable":true,"href":"https:\/\/erboristeriafloralba.com\/sanremo\/wp-json\/wp\/v2\/product_cat?post=28103"},{"taxonomy":"product_tag","embeddable":true,"href":"https:\/\/erboristeriafloralba.com\/sanremo\/wp-json\/wp\/v2\/product_tag?post=28103"}],"curies":[{"name":"wp","href":"https:\/\/api.w.org\/{rel}","templated":true}]}}